{"id":837,"date":"2024-03-30T17:28:05","date_gmt":"2024-03-30T20:28:05","guid":{"rendered":"https:\/\/meganautica.com.br\/?post_type=product&#038;p=837"},"modified":"2024-04-01T15:56:28","modified_gmt":"2024-04-01T18:56:28","slug":"motor-yamaha15hp-2t","status":"publish","type":"product","link":"https:\/\/meganautica.com.br\/?product=motor-yamaha15hp-2t","title":{"rendered":"Motor Yamaha15HP &#8211; 2T"},"content":{"rendered":"<p>O\u00a0<strong>motor de popa 15HP \u2013 2 tempos<\/strong>\u00a0da Yamaha N\u00e1utica, \u00e9 o campe\u00e3o de vendas no Brasil e no mundo. Projetado com o que h\u00e1 de melhor da tecnologia japonesa, \u00e9 o \u00fanico da categoria produzido no Brasil.\u00a0<strong>Desenvolvido para as condi\u00e7\u00f5es nacionais<\/strong>, o que significa uma produ\u00e7\u00e3o com componentes exclusivos para as condi\u00e7\u00f5es brasileiras de utiliza\u00e7\u00e3o, inclusive para a nossa gasolina.<\/p>\n","protected":false},"excerpt":{"rendered":"<ul class=\"especification-list \">\n<li id=\"especification-item-0\" class=\"especification-list-item even\" data-bind=\"attr: { id : 'especification-item-' + $index() }, css: { 'even': ($index() % 2 == 0) }\">\n<p class=\"espec-title\" data-bind=\"text: $data.label\">Peso<\/p>\n<p class=\"espec-value\" data-bind=\"text: $data.value\">36kg<\/p>\n<\/li>\n<\/ul>\n<ul class=\"especification-list \">\n<li id=\"especification-item-1\" class=\"especification-list-item\" data-bind=\"attr: { id : 'especification-item-' + $index() }, css: { 'even': ($index() % 2 == 0) }\">\n<p class=\"espec-title\" data-bind=\"text: $data.label\">Numero de cilindros<\/p>\n<p class=\"espec-value\" data-bind=\"text: $data.value\">2<\/p>\n<\/li>\n<\/ul>\n<ul class=\"especification-list \">\n<li id=\"especification-item-2\" class=\"especification-list-item even\" data-bind=\"attr: { id : 'especification-item-' + $index() }, css: { 'even': ($index() % 2 == 0) }\">\n<p class=\"espec-title\" data-bind=\"text: $data.label\">Sistema de partida<\/p>\n<p class=\"espec-value\" data-bind=\"text: $data.value\">Manual<\/p>\n<\/li>\n<\/ul>\n<ul class=\"especification-list \">\n<li id=\"especification-item-3\" class=\"especification-list-item\" data-bind=\"attr: { id : 'especification-item-' + $index() }, css: { 'even': ($index() % 2 == 0) }\">\n<p class=\"espec-title\" data-bind=\"text: $data.label\">Sistema de indu\u00e7\u00e3o de combust\u00edvel<\/p>\n<p class=\"espec-value\" data-bind=\"text: $data.value\">\n<\/li>\n<\/ul>\n<ul class=\"especification-list \">\n<li id=\"especification-item-4\" class=\"especification-list-item even\" data-bind=\"attr: { id : 'especification-item-' + $index() }, css: { 'even': ($index() % 2 == 0) }\">\n<p class=\"espec-title\" data-bind=\"text: $data.label\">Sensor de temperatura<\/p>\n<p class=\"espec-value\" data-bind=\"text: $data.value\">N\/D<\/p>\n<\/li>\n<\/ul>\n<ul class=\"especification-list \">\n<li id=\"especification-item-5\" class=\"especification-list-item\" data-bind=\"attr: { id : 'especification-item-' + $index() }, css: { 'even': ($index() % 2 == 0) }\">\n<p class=\"espec-title\" data-bind=\"text: $data.label\">Rota\u00e7\u00e3o do H\u00e9lice e do Motor<\/p>\n<p class=\"espec-value\" data-bind=\"text: $data.value\">Rotante<\/p>\n<\/li>\n<\/ul>\n<ul class=\"especification-list \">\n<li id=\"especification-item-6\" class=\"especification-list-item even\" data-bind=\"attr: { id : 'especification-item-' + $index() }, css: { 'even': ($index() % 2 == 0) }\">\n<p class=\"espec-title\" data-bind=\"text: $data.label\">Prote\u00e7\u00e3o para rota\u00e7\u00e3o excessiva<\/p>\n<p class=\"espec-value\" data-bind=\"text: $data.value\">N\/D<\/p>\n<\/li>\n<\/ul>\n<ul class=\"especification-list \">\n<li id=\"especification-item-7\" class=\"especification-list-item\" data-bind=\"attr: { id : 'especification-item-' + $index() }, css: { 'even': ($index() % 2 == 0) }\">\n<p class=\"espec-title\" data-bind=\"text: $data.label\">Prote\u00e7\u00e3o para partida engatada<\/p>\n<p class=\"espec-value\" data-bind=\"text: $data.value\">Possui<\/p>\n<\/li>\n<\/ul>\n<ul class=\"especification-list \">\n<li id=\"especification-item-8\" class=\"especification-list-item even\" data-bind=\"attr: { id : 'especification-item-' + $index() }, css: { 'even': ($index() % 2 == 0) }\">\n<p class=\"espec-title\" data-bind=\"text: $data.label\">Pot\u00eancia<\/p>\n<p class=\"espec-value\" data-bind=\"text: $data.value\">11.0kW \/ 15HP<\/p>\n<\/li>\n<\/ul>\n<ul class=\"especification-list \">\n<li id=\"especification-item-9\" class=\"especification-list-item\" data-bind=\"attr: { id : 'especification-item-' + $index() }, css: { 'even': ($index() % 2 == 0) }\">\n<p class=\"espec-title\" data-bind=\"text: $data.label\">Sistema de inclina\u00e7\u00e3o<\/p>\n<p class=\"espec-value\" data-bind=\"text: $data.value\">Manual<\/p>\n<\/li>\n<\/ul>\n<ul class=\"especification-list \">\n<li id=\"especification-item-10\" class=\"especification-list-item even\" data-bind=\"attr: { id : 'especification-item-' + $index() }, css: { 'even': ($index() % 2 == 0) }\">\n<p class=\"espec-title\" data-bind=\"text: $data.label\">Tac\u00f4metro<\/p>\n<p class=\"espec-value\" data-bind=\"text: $data.value\">N\/D<\/p>\n<\/li>\n<\/ul>\n<ul class=\"especification-list \">\n<li id=\"especification-item-11\" class=\"especification-list-item\" data-bind=\"attr: { id : 'especification-item-' + $index() }, css: { 'even': ($index() % 2 == 0) }\">\n<p class=\"espec-title\" data-bind=\"text: $data.label\">Lubrifica\u00e7\u00e3o<\/p>\n<p class=\"espec-value\" data-bind=\"text: $data.value\">Pr\u00e9-mistura<\/p>\n<\/li>\n<\/ul>\n<ul class=\"especification-list \">\n<li id=\"especification-item-12\" class=\"especification-list-item even\" data-bind=\"attr: { id : 'especification-item-' + $index() }, css: { 'even': ($index() % 2 == 0) }\">\n<p class=\"espec-title\" data-bind=\"text: $data.label\">Indicador de Power Trim<\/p>\n<p class=\"espec-value\" data-bind=\"text: $data.value\">N\/D<\/p>\n<\/li>\n<\/ul>\n<ul class=\"especification-list \">\n<li id=\"especification-item-13\" class=\"especification-list-item\" data-bind=\"attr: { id : 'especification-item-' + $index() }, css: { 'even': ($index() % 2 == 0) }\">\n<p class=\"espec-title\" data-bind=\"text: $data.label\">Faixa m\u00e1xima de rota\u00e7\u00e3o<\/p>\n<p class=\"espec-value\" data-bind=\"text: $data.value\">4500 \/ 5500 RPM<\/p>\n<\/li>\n<\/ul>\n<ul class=\"especification-list \">\n<li id=\"especification-item-14\" class=\"especification-list-item even\" data-bind=\"attr: { id : 'especification-item-' + $index() }, css: { 'even': ($index() % 2 == 0) }\">\n<p class=\"espec-title\" data-bind=\"text: $data.label\">Capacidade volum\u00e9trica<\/p>\n<p class=\"espec-value\" data-bind=\"text: $data.value\">246 cm\u00b3<\/p>\n<\/li>\n<\/ul>\n<ul class=\"especification-list \">\n<li id=\"especification-item-15\" class=\"especification-list-item\" data-bind=\"attr: { id : 'especification-item-' + $index() }, css: { 'even': ($index() % 2 == 0) }\">\n<p class=\"espec-title\" data-bind=\"text: $data.label\">\u00c2ngulo de dire\u00e7\u00e3o<\/p>\n<p class=\"espec-value\" data-bind=\"text: $data.value\">45\u00b0<\/p>\n<\/li>\n<\/ul>\n<ul class=\"especification-list \">\n<li id=\"especification-item-16\" class=\"especification-list-item even\" data-bind=\"attr: { id : 'especification-item-' + $index() }, css: { 'even': ($index() % 2 == 0) }\">\n<p class=\"espec-title\" data-bind=\"text: $data.label\">Altura da rabeta<\/p>\n<p class=\"espec-value\" data-bind=\"text: $data.value\">S:15&#8243;<\/p>\n<\/li>\n<\/ul>\n<ul class=\"especification-list \">\n<li id=\"especification-item-17\" class=\"especification-list-item\" data-bind=\"attr: { id : 'especification-item-' + $index() }, css: { 'even': ($index() % 2 == 0) }\">\n<p class=\"espec-title\" data-bind=\"text: $data.label\">Ajuste de posi\u00e7\u00e3o de navega\u00e7\u00e3o (TRIM)<\/p>\n<p class=\"espec-value\" data-bind=\"text: $data.value\">4 posi\u00e7\u00f5es<\/p>\n<\/li>\n<\/ul>\n<ul class=\"especification-list \">\n<li id=\"especification-item-18\" class=\"especification-list-item even\" data-bind=\"attr: { id : 'especification-item-' + $index() }, css: { 'even': ($index() % 2 == 0) }\">\n<p class=\"espec-title\" data-bind=\"text: $data.label\">Ajuste de navega\u00e7\u00e3o em \u00e1guas rasas<\/p>\n<p class=\"espec-value\" data-bind=\"text: $data.value\">2 posi\u00e7\u00f5es<\/p>\n<\/li>\n<\/ul>\n<ul class=\"especification-list \">\n<li id=\"especification-item-19\" class=\"especification-list-item\" data-bind=\"attr: { id : 'especification-item-' + $index() }, css: { 'even': ($index() % 2 == 0) }\">\n<p class=\"espec-title\" data-bind=\"text: $data.label\">Alternador<\/p>\n<p class=\"espec-value\" data-bind=\"text: $data.value\">80W<\/p>\n<\/li>\n<\/ul>\n<ul class=\"especification-list \">\n<li id=\"especification-item-20\" class=\"especification-list-item even\" data-bind=\"attr: { id : 'especification-item-' + $index() }, css: { 'even': ($index() % 2 == 0) }\">\n<p class=\"espec-title\" data-bind=\"text: $data.label\">Retificador com Regulador de Voltagem<\/p>\n<p class=\"espec-value\" data-bind=\"text: $data.value\">N\/D<\/p>\n<\/li>\n<\/ul>\n<ul class=\"especification-list \">\n<li id=\"especification-item-21\" class=\"especification-list-item\" data-bind=\"attr: { id : 'especification-item-' + $index() }, css: { 'even': ($index() % 2 == 0) }\">\n<p class=\"espec-title\" data-bind=\"text: $data.label\">Comando de v\u00e1lvulas<\/p>\n<p class=\"espec-value\" data-bind=\"text: $data.value\">N\/D<\/p>\n<\/li>\n<\/ul>\n<ul class=\"especification-list \">\n<li id=\"especification-item-22\" class=\"especification-list-item even\" data-bind=\"attr: { id : 'especification-item-' + $index() }, css: { 'even': ($index() % 2 == 0) }\">\n<p class=\"espec-title\" data-bind=\"text: $data.label\">H\u00e9lice<\/p>\n<p class=\"espec-value\" data-bind=\"text: $data.value\">Alum\u00ednio<\/p>\n<\/li>\n<\/ul>\n<ul class=\"especification-list \">\n<li id=\"especification-item-23\" class=\"especification-list-item\" data-bind=\"attr: { id : 'especification-item-' + $index() }, css: { 'even': ($index() % 2 == 0) }\">\n<p class=\"espec-title\" data-bind=\"text: $data.label\">Igni\u00e7\u00e3o<\/p>\n<p class=\"espec-value\" data-bind=\"text: $data.value\">CDI<\/p>\n<\/li>\n<\/ul>\n<ul class=\"especification-list \">\n<li id=\"especification-item-24\" class=\"especification-list-item even\" data-bind=\"attr: { id : 'especification-item-' + $index() }, css: { 'even': ($index() % 2 == 0) }\">\n<p class=\"espec-title\" data-bind=\"text: $data.label\">Navega\u00e7\u00e3o em \u00e1guas rasas<\/p>\n<p class=\"espec-value\" data-bind=\"text: $data.value\">Possui<\/p>\n<\/li>\n<\/ul>\n<ul class=\"especification-list \">\n<li id=\"especification-item-25\" class=\"especification-list-item\" data-bind=\"attr: { id : 'especification-item-' + $index() }, css: { 'even': ($index() % 2 == 0) }\">\n<p class=\"espec-title\" data-bind=\"text: $data.label\">Taxa de compress\u00e3o<\/p>\n<p class=\"espec-value\" data-bind=\"text: $data.value\">6.8:1<\/p>\n<\/li>\n<\/ul>\n<ul class=\"especification-list \">\n<li id=\"especification-item-26\" class=\"especification-list-item even\" data-bind=\"attr: { id : 'especification-item-' + $index() }, css: { 'even': ($index() % 2 == 0) }\">\n<p class=\"espec-title\" data-bind=\"text: $data.label\">Tanque de gasolina<\/p>\n<p class=\"espec-value\" data-bind=\"text: $data.value\">24l<\/p>\n<\/li>\n<\/ul>\n<ul class=\"especification-list \">\n<li id=\"especification-item-27\" class=\"especification-list-item\" data-bind=\"attr: { id : 'especification-item-' + $index() }, css: { 'even': ($index() % 2 == 0) }\">\n<p class=\"espec-title\" data-bind=\"text: $data.label\">Sistema de opera\u00e7\u00e3o<\/p>\n<p class=\"espec-value\" data-bind=\"text: $data.value\">Bra\u00e7o de comando<\/p>\n<\/li>\n<\/ul>\n<ul class=\"especification-list \">\n<li id=\"especification-item-28\" class=\"especification-list-item even\" data-bind=\"attr: { id : 'especification-item-' + $index() }, css: { 'even': ($index() % 2 == 0) }\">\n<p class=\"espec-title\" data-bind=\"text: $data.label\">Video<\/p>\n<p class=\"espec-value\" data-bind=\"text: $data.value\">N\/A<\/p>\n<\/li>\n<\/ul>\n<ul class=\"especification-list \">\n<li id=\"especification-item-29\" class=\"especification-list-item\" data-bind=\"attr: { id : 'especification-item-' + $index() }, css: { 'even': ($index() % 2 == 0) }\">\n<p class=\"espec-title\" data-bind=\"text: $data.label\">Veloc\u00edmetro<\/p>\n<p class=\"espec-value\" data-bind=\"text: $data.value\">N\/D<\/p>\n<\/li>\n<\/ul>\n","protected":false},"featured_media":840,"comment_status":"open","ping_status":"closed","template":"","meta":[],"product_cat":[33],"product_tag":[],"_links":{"self":[{"href":"https:\/\/meganautica.com.br\/index.php?rest_route=\/wp\/v2\/product\/837"}],"collection":[{"href":"https:\/\/meganautica.com.br\/index.php?rest_route=\/wp\/v2\/product"}],"about":[{"href":"https:\/\/meganautica.com.br\/index.php?rest_route=\/wp\/v2\/types\/product"}],"replies":[{"embeddable":true,"href":"https:\/\/meganautica.com.br\/index.php?rest_route=%2Fwp%2Fv2%2Fcomments&post=837"}],"wp:featuredmedia":[{"embeddable":true,"href":"https:\/\/meganautica.com.br\/index.php?rest_route=\/wp\/v2\/media\/840"}],"wp:attachment":[{"href":"https:\/\/meganautica.com.br\/index.php?rest_route=%2Fwp%2Fv2%2Fmedia&parent=837"}],"wp:term":[{"taxonomy":"product_cat","embeddable":true,"href":"https:\/\/meganautica.com.br\/index.php?rest_route=%2Fwp%2Fv2%2Fproduct_cat&post=837"},{"taxonomy":"product_tag","embeddable":true,"href":"https:\/\/meganautica.com.br\/index.php?rest_route=%2Fwp%2Fv2%2Fproduct_tag&post=837"}],"curies":[{"name":"wp","href":"https:\/\/api.w.org\/{rel}","templated":true}]}}