{"id":865,"date":"2024-04-01T15:52:53","date_gmt":"2024-04-01T18:52:53","guid":{"rendered":"https:\/\/meganautica.com.br\/?post_type=product&#038;p=865"},"modified":"2024-04-01T15:56:05","modified_gmt":"2024-04-01T18:56:05","slug":"motor-yamaha-25hp-4t-r29-60000","status":"publish","type":"product","link":"https:\/\/meganautica.com.br\/?product=motor-yamaha-25hp-4t-r29-60000","title":{"rendered":"Motor Yamaha 25HP &#8211; 4T R$29.600,00"},"content":{"rendered":"","protected":false},"excerpt":{"rendered":"<p>O motor F25 4 tempos, j\u00e1 \u00e9 um conhecido dos brasileiros, agora est\u00e1 dispon\u00edvel al\u00e9m da vers\u00e3o com partida manual no modelo F25GMH, temos dispon\u00edvel o modelo com partida el\u00e9trica e manual no modelo F25GWH, oferecendo muito mais praticidade. O F25G \u00e9 o menor motor 4 tempos da Yamaha com inje\u00e7\u00e3o eletr\u00f4nica de combust\u00edvel.<\/p>\n","protected":false},"featured_media":866,"comment_status":"open","ping_status":"closed","template":"","meta":[],"product_cat":[33],"product_tag":[],"_links":{"self":[{"href":"https:\/\/meganautica.com.br\/index.php?rest_route=\/wp\/v2\/product\/865"}],"collection":[{"href":"https:\/\/meganautica.com.br\/index.php?rest_route=\/wp\/v2\/product"}],"about":[{"href":"https:\/\/meganautica.com.br\/index.php?rest_route=\/wp\/v2\/types\/product"}],"replies":[{"embeddable":true,"href":"https:\/\/meganautica.com.br\/index.php?rest_route=%2Fwp%2Fv2%2Fcomments&post=865"}],"wp:featuredmedia":[{"embeddable":true,"href":"https:\/\/meganautica.com.br\/index.php?rest_route=\/wp\/v2\/media\/866"}],"wp:attachment":[{"href":"https:\/\/meganautica.com.br\/index.php?rest_route=%2Fwp%2Fv2%2Fmedia&parent=865"}],"wp:term":[{"taxonomy":"product_cat","embeddable":true,"href":"https:\/\/meganautica.com.br\/index.php?rest_route=%2Fwp%2Fv2%2Fproduct_cat&post=865"},{"taxonomy":"product_tag","embeddable":true,"href":"https:\/\/meganautica.com.br\/index.php?rest_route=%2Fwp%2Fv2%2Fproduct_tag&post=865"}],"curies":[{"name":"wp","href":"https:\/\/api.w.org\/{rel}","templated":true}]}}