{"id":870,"date":"2024-04-01T18:23:57","date_gmt":"2024-04-01T21:23:57","guid":{"rendered":"https:\/\/meganautica.com.br\/?post_type=product&#038;p=870"},"modified":"2024-04-01T18:23:57","modified_gmt":"2024-04-01T21:23:57","slug":"motor-yamaha-4hp-2t","status":"publish","type":"product","link":"https:\/\/meganautica.com.br\/?product=motor-yamaha-4hp-2t","title":{"rendered":"Motor Yamaha 4HP &#8211; 2T"},"content":{"rendered":"","protected":false},"excerpt":{"rendered":"<p>PRATICIDADE PARA QUEM BUSCA UM MODELO PORT\u00c1TIL.<\/p>\n<p>O\u00a0<strong>motor de popa 4HP &#8211; 2T<\/strong>\u00a0\u00e9 perfeito para pequenas embarca\u00e7\u00f5es de apoio, possui 1 cilindro, proporciona baixo consumo, e \u00e9 o motor de popa de menor pot\u00eancia da linha da Yamaha N\u00e1utica. Com\u00a0<strong>baixo \u00edndice de manuten\u00e7\u00e3o<\/strong>\u00a0mesmo nas mais severas condi\u00e7\u00f5es de utiliza\u00e7\u00e3o, sua durabilidade \u00e9 incontest\u00e1vel porque possui os componentes internos protegidos contra corros\u00e3o.<\/p>\n<p>NAVEGUE SEM PREOCUPA\u00c7\u00c3O.<\/p>\n<p>O sistema de partida e inclina\u00e7\u00e3o s\u00e3o manuais. Como item de seguran\u00e7a, o motor de popa 4HP possui\u00a0<strong>um sistema que n\u00e3o permite a partida com o motor engatado<\/strong>. \u00c9 um motor de f\u00e1cil orienta\u00e7\u00e3o por permitir a dire\u00e7\u00e3o 360\u00b0, o que significa dirigibilidade em um c\u00edrculo completo, al\u00e9m da op\u00e7\u00e3o de ajuste no \u00e2ngulo de inclina\u00e7\u00e3o,\u00a0<strong>possibilitando a navega\u00e7\u00e3o em \u00e1guas rasas.<\/strong><\/p>\n<p>SEM QUESTIONAMENTOS<\/p>\n<p>Com todas as caracter\u00edsticas do\u00a0<strong>motor de popa 4HP<\/strong>\u00a0e todos os cuidados sugeridos no manual do propriet\u00e1rio que acompanha o produto, seu motor ter\u00e1 uma vida \u00fatil prolongada com alta durabilidade,\u00a0<strong>baixo consumo de combust\u00edvel<\/strong>, f\u00e1cil manuten\u00e7\u00e3o e facilidade at\u00e9 na hora da revenda.<\/p>\n","protected":false},"featured_media":872,"comment_status":"open","ping_status":"closed","template":"","meta":[],"product_cat":[33],"product_tag":[],"_links":{"self":[{"href":"https:\/\/meganautica.com.br\/index.php?rest_route=\/wp\/v2\/product\/870"}],"collection":[{"href":"https:\/\/meganautica.com.br\/index.php?rest_route=\/wp\/v2\/product"}],"about":[{"href":"https:\/\/meganautica.com.br\/index.php?rest_route=\/wp\/v2\/types\/product"}],"replies":[{"embeddable":true,"href":"https:\/\/meganautica.com.br\/index.php?rest_route=%2Fwp%2Fv2%2Fcomments&post=870"}],"wp:featuredmedia":[{"embeddable":true,"href":"https:\/\/meganautica.com.br\/index.php?rest_route=\/wp\/v2\/media\/872"}],"wp:attachment":[{"href":"https:\/\/meganautica.com.br\/index.php?rest_route=%2Fwp%2Fv2%2Fmedia&parent=870"}],"wp:term":[{"taxonomy":"product_cat","embeddable":true,"href":"https:\/\/meganautica.com.br\/index.php?rest_route=%2Fwp%2Fv2%2Fproduct_cat&post=870"},{"taxonomy":"product_tag","embeddable":true,"href":"https:\/\/meganautica.com.br\/index.php?rest_route=%2Fwp%2Fv2%2Fproduct_tag&post=870"}],"curies":[{"name":"wp","href":"https:\/\/api.w.org\/{rel}","templated":true}]}}