{"id":874,"date":"2024-04-01T18:26:54","date_gmt":"2024-04-01T21:26:54","guid":{"rendered":"https:\/\/meganautica.com.br\/?post_type=product&#038;p=874"},"modified":"2024-04-01T18:46:09","modified_gmt":"2024-04-01T21:46:09","slug":"motor-yamaha-6hp-4t","status":"publish","type":"product","link":"https:\/\/meganautica.com.br\/?product=motor-yamaha-6hp-4t","title":{"rendered":"Motor Yamaha 6HP &#8211; 4T"},"content":{"rendered":"","protected":false},"excerpt":{"rendered":"<p>SINTA S\u00d3 A NATUREZA<\/p>\n<p>O\u00a0<strong>motor de popa Yamaha F6 \u2013 4T<\/strong>\u00a0\u00e9 a rela\u00e7\u00e3o perfeita entre o homem e a natureza. O menor motor de popa em HP- 4 tempos da Yamaha, traz liberdade para quem precisa de um\u00a0<strong>motor port\u00e1til e leve<\/strong>, possui al\u00e7a ergon\u00f4mica localizada estrategicamente para facilitar o transporte e instala\u00e7\u00e3o na sua embarca\u00e7\u00e3o.<\/p>\n<p>ECOLOGICAMENTE CORRETO<\/p>\n<p>Mesmo sendo um motor t\u00e3o leve e pequeno, possui a tecnologia 4 tempos, que permite a economia de combust\u00edvel com o m\u00ednimo de gases de escape, al\u00e9m da alta efici\u00eancia de combust\u00e3o. Al\u00e9m de ser port\u00e1til, possui um sistema contra vazamento de \u00f3leo de c\u00e1rter, deixando livre de preocupa\u00e7\u00e3o em como transportar ou armazenar esse motor, sendo poss\u00edvel mant\u00ea-lo armazenado em ambos os lados.<\/p>\n<p>QUANTO MAIS OP\u00c7\u00d5ES MELHOR<\/p>\n<p>Possui tanque de combust\u00edvel integrado, deixando espa\u00e7o na sua embarca\u00e7\u00e3o para o que realmente importa e controle do acelerador de 2 vias por cabo, o que garante mais seguran\u00e7a para voc\u00ea e toda sua fam\u00edlia, possibilitando o dom\u00ednio do controle e maior durabilidade do motor.<\/p>\n","protected":false},"featured_media":877,"comment_status":"open","ping_status":"closed","template":"","meta":[],"product_cat":[33],"product_tag":[],"_links":{"self":[{"href":"https:\/\/meganautica.com.br\/index.php?rest_route=\/wp\/v2\/product\/874"}],"collection":[{"href":"https:\/\/meganautica.com.br\/index.php?rest_route=\/wp\/v2\/product"}],"about":[{"href":"https:\/\/meganautica.com.br\/index.php?rest_route=\/wp\/v2\/types\/product"}],"replies":[{"embeddable":true,"href":"https:\/\/meganautica.com.br\/index.php?rest_route=%2Fwp%2Fv2%2Fcomments&post=874"}],"wp:featuredmedia":[{"embeddable":true,"href":"https:\/\/meganautica.com.br\/index.php?rest_route=\/wp\/v2\/media\/877"}],"wp:attachment":[{"href":"https:\/\/meganautica.com.br\/index.php?rest_route=%2Fwp%2Fv2%2Fmedia&parent=874"}],"wp:term":[{"taxonomy":"product_cat","embeddable":true,"href":"https:\/\/meganautica.com.br\/index.php?rest_route=%2Fwp%2Fv2%2Fproduct_cat&post=874"},{"taxonomy":"product_tag","embeddable":true,"href":"https:\/\/meganautica.com.br\/index.php?rest_route=%2Fwp%2Fv2%2Fproduct_tag&post=874"}],"curies":[{"name":"wp","href":"https:\/\/api.w.org\/{rel}","templated":true}]}}