{"id":882,"date":"2024-04-01T18:40:46","date_gmt":"2024-04-01T21:40:46","guid":{"rendered":"https:\/\/meganautica.com.br\/?post_type=product&#038;p=882"},"modified":"2024-04-11T11:01:40","modified_gmt":"2024-04-11T14:01:40","slug":"motor-yamaha-30hp-2t","status":"publish","type":"product","link":"https:\/\/meganautica.com.br\/?product=motor-yamaha-30hp-2t","title":{"rendered":"Motor Yamaha 30HP &#8211; 2T"},"content":{"rendered":"","protected":false},"excerpt":{"rendered":"<p>ECONOMIA COM DESEMPENHO<\/p>\n<p>O\u00a0<strong>motor de popa 30HP<\/strong>\u00a0da Yamaha, oferece diversos benef\u00edcios, sendo o principal deles: A\u00a0<strong>ECONOMIA<\/strong>. Com a confian\u00e7a que todos conhecem, o 30HP \u00e9 mais potente e mais econ\u00f4mico em at\u00e9 9,5% quando comparado ao modelo 25XMHS, em condi\u00e7\u00e3o de cruzeiro. Este modelo oferece al\u00e9m da partida manual, a\u00a0<strong>partida el\u00e9trica<\/strong>, o que significa muito mais conforto para voc\u00ea.<\/p>\n<p>ABRA O CAP\u00d4 E PERCEBA A DIFEREN\u00c7A<\/p>\n<p>Al\u00e9m da economia, o 30HP soma as qualidades dos motores Yamaha, como a exclusiva\u00a0<strong>Liga YDC-30 Anticorros\u00e3o<\/strong>, que proporciona alta qualidade para os materiais empregados na fabrica\u00e7\u00e3o do motor. O motor de popa 30HP-2T est\u00e1 dispon\u00edvel em dois modelos o 30HWH com sistema de partida el\u00e9trica e manual, e tamb\u00e9m na vers\u00e3o somente com partida manual com o modelo 30HMH.<\/p>\n<p>DESENVOLVIDO PARA O BRASIL<\/p>\n<p>O acabamento externo tamb\u00e9m \u00e9 premium, com 5 camadas de pintura e prote\u00e7\u00e3o UV, o que mantem a tonalidade do motor intacta mesmo ap\u00f3s longos per\u00edodos de uso. Todo esse processo aumenta a durabilidade do produto, sendo desenvolvido para passar de gera\u00e7\u00e3o em gera\u00e7\u00e3o. Os motores de popa Yamaha s\u00e3o robustos, com tecnologia japonesa, e todas as pe\u00e7as possuem \u00f3timo acabamento, basta abrir o cap\u00f4 e comprovar!<\/p>\n","protected":false},"featured_media":885,"comment_status":"open","ping_status":"closed","template":"","meta":[],"product_cat":[33],"product_tag":[],"_links":{"self":[{"href":"https:\/\/meganautica.com.br\/index.php?rest_route=\/wp\/v2\/product\/882"}],"collection":[{"href":"https:\/\/meganautica.com.br\/index.php?rest_route=\/wp\/v2\/product"}],"about":[{"href":"https:\/\/meganautica.com.br\/index.php?rest_route=\/wp\/v2\/types\/product"}],"replies":[{"embeddable":true,"href":"https:\/\/meganautica.com.br\/index.php?rest_route=%2Fwp%2Fv2%2Fcomments&post=882"}],"wp:featuredmedia":[{"embeddable":true,"href":"https:\/\/meganautica.com.br\/index.php?rest_route=\/wp\/v2\/media\/885"}],"wp:attachment":[{"href":"https:\/\/meganautica.com.br\/index.php?rest_route=%2Fwp%2Fv2%2Fmedia&parent=882"}],"wp:term":[{"taxonomy":"product_cat","embeddable":true,"href":"https:\/\/meganautica.com.br\/index.php?rest_route=%2Fwp%2Fv2%2Fproduct_cat&post=882"},{"taxonomy":"product_tag","embeddable":true,"href":"https:\/\/meganautica.com.br\/index.php?rest_route=%2Fwp%2Fv2%2Fproduct_tag&post=882"}],"curies":[{"name":"wp","href":"https:\/\/api.w.org\/{rel}","templated":true}]}}