{"id":886,"date":"2024-04-01T18:45:38","date_gmt":"2024-04-01T21:45:38","guid":{"rendered":"https:\/\/meganautica.com.br\/?post_type=product&#038;p=886"},"modified":"2024-04-11T11:01:46","modified_gmt":"2024-04-11T14:01:46","slug":"motor-yamaha-40hp-2t","status":"publish","type":"product","link":"https:\/\/meganautica.com.br\/?product=motor-yamaha-40hp-2t","title":{"rendered":"Motor Yamaha 40HP &#8211; 2T"},"content":{"rendered":"","protected":false},"excerpt":{"rendered":"<p>ESCOLHA O MELHOR PARA VOC\u00ca<\/p>\n<p>O motor de popa\u00a0<strong>40HP \u2013 2 tempos<\/strong>\u00a0\u00e9 produzido no Brasil com toda tecnologia e tradi\u00e7\u00e3o japonesa. Ideal para embarca\u00e7\u00f5es de 5 a 6 metros. O 40HP possui 3 modelos: o 40AW com sistema de partida el\u00e9trica e comando a dist\u00e2ncia, o 40AWH com manche, sistema de partida el\u00e9trica e manual, al\u00e9m do 40AMH com manche e sistema de partida manual.<\/p>\n<p>FACILIDADE PARA MAIS CONFORTO<\/p>\n<p>O motor de popa 40HP-2T tem n\u00edveis diferentes de inclina\u00e7\u00e3o do motor, que permite navega\u00e7\u00e3o em \u00e1guas rasas. Projetado para a gasolina brasileira, este motor \u00e9 carburado, possui 2 cilindros, h\u00e9lice em alum\u00ednio e cap\u00f4 com grafismo exclusivo para o Brasil.<\/p>\n<p>DESENVOLVIDO PARA O BRASIL<\/p>\n<p><strong>Elaborado para as condi\u00e7\u00f5es nacionais<\/strong>, significa que \u00e9 produzido com componentes exclusivos para as condi\u00e7\u00f5es brasileiras de utiliza\u00e7\u00e3o, inclusive para a\u00a0<strong>nossa gasolina<\/strong>. O motor de popa 40HP \u2013 2T \u00e9 acompanhado do\u00a0<strong>cord\u00e3o de seguran\u00e7a<\/strong>, que ao perder contato com o operador, desliga automaticamente o motor, reduzindo o risco de acidentes.<\/p>\n","protected":false},"featured_media":887,"comment_status":"open","ping_status":"closed","template":"","meta":[],"product_cat":[33],"product_tag":[],"_links":{"self":[{"href":"https:\/\/meganautica.com.br\/index.php?rest_route=\/wp\/v2\/product\/886"}],"collection":[{"href":"https:\/\/meganautica.com.br\/index.php?rest_route=\/wp\/v2\/product"}],"about":[{"href":"https:\/\/meganautica.com.br\/index.php?rest_route=\/wp\/v2\/types\/product"}],"replies":[{"embeddable":true,"href":"https:\/\/meganautica.com.br\/index.php?rest_route=%2Fwp%2Fv2%2Fcomments&post=886"}],"wp:featuredmedia":[{"embeddable":true,"href":"https:\/\/meganautica.com.br\/index.php?rest_route=\/wp\/v2\/media\/887"}],"wp:attachment":[{"href":"https:\/\/meganautica.com.br\/index.php?rest_route=%2Fwp%2Fv2%2Fmedia&parent=886"}],"wp:term":[{"taxonomy":"product_cat","embeddable":true,"href":"https:\/\/meganautica.com.br\/index.php?rest_route=%2Fwp%2Fv2%2Fproduct_cat&post=886"},{"taxonomy":"product_tag","embeddable":true,"href":"https:\/\/meganautica.com.br\/index.php?rest_route=%2Fwp%2Fv2%2Fproduct_tag&post=886"}],"curies":[{"name":"wp","href":"https:\/\/api.w.org\/{rel}","templated":true}]}}