{"id":894,"date":"2024-04-01T19:04:36","date_gmt":"2024-04-01T22:04:36","guid":{"rendered":"https:\/\/meganautica.com.br\/?post_type=product&#038;p=894"},"modified":"2024-04-11T11:01:59","modified_gmt":"2024-04-11T14:01:59","slug":"motor-yamaha-60hp-4t","status":"publish","type":"product","link":"https:\/\/meganautica.com.br\/?product=motor-yamaha-60hp-4t","title":{"rendered":"Motor Yamaha 60HP &#8211; 4T"},"content":{"rendered":"","protected":false},"excerpt":{"rendered":"<p>ECONOMICO, SILENCIOSO E MUITO CONFORTO<\/p>\n<p>O\u00a0<strong>motor de popa 60HP \u2013 4 tempos<\/strong>\u00a0\u00e9 uma op\u00e7\u00e3o para quem busca pot\u00eancia e economia, com durabilidade e baixo n\u00edvel de ru\u00eddo e vibra\u00e7\u00e3o, quando comparados aos motores 2 tempos, al\u00e9m de menos poluente. Produzido no Brasil, com sistema de partida el\u00e9trica, possui 4 cilindros em linha, sistema que mantem a sa\u00edda de g\u00e1s limpa e inje\u00e7\u00e3o eletr\u00f4nica de combust\u00edvel o que proporciona melhor performance e baixo consumo.<\/p>\n<p>ACOMPANHE O STATUS DO SEU MOTOR<\/p>\n<p>O motor F60, possui o ECM, M\u00f3dulo de Controle do Motor, o que significa que toda opera\u00e7\u00e3o do motor \u00e9 controlada por um microprocessador avan\u00e7ado. O ECM recebe informa\u00e7\u00f5es de seis sensores que est\u00e3o ao redor do motor, o que assegura o bom funcionamento da m\u00e1quina, e quando ocorre algo fora do normal s\u00e3o emitidos alertas, como em casos de baixa press\u00e3o do \u00f3leo e superaquecimento do motor.<\/p>\n<p>SEGURAN\u00c7A EM TODOS OS DETALHES<\/p>\n<p>Com sistema de seguran\u00e7a, o motor de popa F60, possui o Sistema de Redu\u00e7\u00e3o de Vapor, isto \u00e9, o vapor de combust\u00edvel \u00e9 reduzido para somente o necess\u00e1rio e armazenado em um tanque reservado, desta forma o vapor \u00e9 mantido longe do calor dos componentes do motor, evitando riscos de acidentes.<\/p>\n","protected":false},"featured_media":895,"comment_status":"open","ping_status":"closed","template":"","meta":[],"product_cat":[33],"product_tag":[],"_links":{"self":[{"href":"https:\/\/meganautica.com.br\/index.php?rest_route=\/wp\/v2\/product\/894"}],"collection":[{"href":"https:\/\/meganautica.com.br\/index.php?rest_route=\/wp\/v2\/product"}],"about":[{"href":"https:\/\/meganautica.com.br\/index.php?rest_route=\/wp\/v2\/types\/product"}],"replies":[{"embeddable":true,"href":"https:\/\/meganautica.com.br\/index.php?rest_route=%2Fwp%2Fv2%2Fcomments&post=894"}],"wp:featuredmedia":[{"embeddable":true,"href":"https:\/\/meganautica.com.br\/index.php?rest_route=\/wp\/v2\/media\/895"}],"wp:attachment":[{"href":"https:\/\/meganautica.com.br\/index.php?rest_route=%2Fwp%2Fv2%2Fmedia&parent=894"}],"wp:term":[{"taxonomy":"product_cat","embeddable":true,"href":"https:\/\/meganautica.com.br\/index.php?rest_route=%2Fwp%2Fv2%2Fproduct_cat&post=894"},{"taxonomy":"product_tag","embeddable":true,"href":"https:\/\/meganautica.com.br\/index.php?rest_route=%2Fwp%2Fv2%2Fproduct_tag&post=894"}],"curies":[{"name":"wp","href":"https:\/\/api.w.org\/{rel}","templated":true}]}}