{"id":898,"date":"2024-04-01T19:08:44","date_gmt":"2024-04-01T22:08:44","guid":{"rendered":"https:\/\/meganautica.com.br\/?post_type=product&#038;p=898"},"modified":"2024-04-01T19:08:44","modified_gmt":"2024-04-01T22:08:44","slug":"motor-yamaha-90hp-4t","status":"publish","type":"product","link":"https:\/\/meganautica.com.br\/?product=motor-yamaha-90hp-4t","title":{"rendered":"Motor Yamaha 90HP &#8211; 4T"},"content":{"rendered":"","protected":false},"excerpt":{"rendered":"<p>RESIST\u00caNCIA E FOR\u00c7A<\/p>\n<p>A nova gera\u00e7\u00e3o do<strong>\u00a0motor de popa 4 tempos Yamaha F90C<\/strong>\u00a0\u00e9 sin\u00f4nimo de evolu\u00e7\u00e3o. Um motor totalmente novo por dentro e por fora. Al\u00e9m do bloco do motor ser completamente novo, utiliza a rabeta do F115, o que proporciona muito mais resist\u00eancia e for\u00e7a, com a melhor economia da categoria.<\/p>\n<p>MAIS DESEMPENHO<\/p>\n<p>Motor SOHC de 16 v\u00e1lvulas de 1.832 cilindradas (contra 1.596 cc de seu antecessor) e eixo de comando \u00fanico, sendo 4 v\u00e1lvulas por cilindro, isso significa muito mais desempenho quando comparamos ao modelo anterior, o Yamaha F90B.<\/p>\n<p>DETALHES QUE FAZEM TODA DIFEREN\u00c7A<\/p>\n<p>N\u00e3o s\u00f3 o visual foi renovado, o que traz al\u00e9m do estilo, benef\u00edcios como o sistema no cap\u00f4, que facilita a drenagem de \u00e1gua enquanto o motor estiver em opera\u00e7\u00e3o. O motor F90C vem com garantia de 5 anos para uso lazer* sem limites de horas.<\/p>\n","protected":false},"featured_media":899,"comment_status":"open","ping_status":"closed","template":"","meta":[],"product_cat":[33],"product_tag":[],"_links":{"self":[{"href":"https:\/\/meganautica.com.br\/index.php?rest_route=\/wp\/v2\/product\/898"}],"collection":[{"href":"https:\/\/meganautica.com.br\/index.php?rest_route=\/wp\/v2\/product"}],"about":[{"href":"https:\/\/meganautica.com.br\/index.php?rest_route=\/wp\/v2\/types\/product"}],"replies":[{"embeddable":true,"href":"https:\/\/meganautica.com.br\/index.php?rest_route=%2Fwp%2Fv2%2Fcomments&post=898"}],"wp:featuredmedia":[{"embeddable":true,"href":"https:\/\/meganautica.com.br\/index.php?rest_route=\/wp\/v2\/media\/899"}],"wp:attachment":[{"href":"https:\/\/meganautica.com.br\/index.php?rest_route=%2Fwp%2Fv2%2Fmedia&parent=898"}],"wp:term":[{"taxonomy":"product_cat","embeddable":true,"href":"https:\/\/meganautica.com.br\/index.php?rest_route=%2Fwp%2Fv2%2Fproduct_cat&post=898"},{"taxonomy":"product_tag","embeddable":true,"href":"https:\/\/meganautica.com.br\/index.php?rest_route=%2Fwp%2Fv2%2Fproduct_tag&post=898"}],"curies":[{"name":"wp","href":"https:\/\/api.w.org\/{rel}","templated":true}]}}