{"id":903,"date":"2024-04-01T19:18:09","date_gmt":"2024-04-01T22:18:09","guid":{"rendered":"https:\/\/meganautica.com.br\/?post_type=product&#038;p=903"},"modified":"2024-04-11T11:01:25","modified_gmt":"2024-04-11T14:01:25","slug":"motor-yamaha-vmax-115hp-4t","status":"publish","type":"product","link":"https:\/\/meganautica.com.br\/?product=motor-yamaha-vmax-115hp-4t","title":{"rendered":"Motor Yamaha VMAX 115HP &#8211; 4T"},"content":{"rendered":"","protected":false},"excerpt":{"rendered":"<p>O MAIS R\u00c1PIDO<\/p>\n<p>Na linha VMax o modelo 115 SHO \u2013 4T \u00e9 o mais r\u00e1pido desenvolvido pela marca nesta faixa de pot\u00eancia. Al\u00e9m de sua impressionante velocidade, apresenta tecnologia in\u00e9dita em sua classe, sistemas de admiss\u00e3o e exaust\u00e3o de alto fluxo que garantem maior performance e sensor de detona\u00e7\u00e3o que prolonga a vida \u00fatil do motor.<\/p>\n<p>ARRANCADAS R\u00c1PIDAS<\/p>\n<p>O motor de popa VMAX 115 SHO \u2013 4T atinge sua pot\u00eancia m\u00e1xima a 5.800 RPM, podendo chegar at\u00e9 6.300 RPM. Sua rela\u00e7\u00e3o de transmiss\u00e3o de 2,15:1 oferece\u00a0<strong>arrancadas mais r\u00e1pidas<\/strong><\/p>\n<p>DESFRUTE DO SEU MOTOR POR MUITO MAIS TEMPO<\/p>\n<p>Desenvolvido com todos os cuidados necess\u00e1rios para que voc\u00ea desfrute do seu motor por muito mais tempo, seus componentes internos recebem tratamentos para\u00a0<strong>prevenir corros\u00e3o<\/strong>, o padr\u00e3o de pintura e acabamento consagrado da linha VMax tamb\u00e9m possui\u00a0<strong>5 camadas<\/strong>\u00a0para prote\u00e7\u00e3o aos efeitos UV, e cap\u00f4 ac\u00fastico desenvolvido em pe\u00e7a \u00fanica, o que significa\u00a0<strong>maior resist\u00eancia a pequenos impactos e conforto em sua navega\u00e7\u00e3o<\/strong><\/p>\n","protected":false},"featured_media":906,"comment_status":"open","ping_status":"closed","template":"","meta":[],"product_cat":[33],"product_tag":[],"_links":{"self":[{"href":"https:\/\/meganautica.com.br\/index.php?rest_route=\/wp\/v2\/product\/903"}],"collection":[{"href":"https:\/\/meganautica.com.br\/index.php?rest_route=\/wp\/v2\/product"}],"about":[{"href":"https:\/\/meganautica.com.br\/index.php?rest_route=\/wp\/v2\/types\/product"}],"replies":[{"embeddable":true,"href":"https:\/\/meganautica.com.br\/index.php?rest_route=%2Fwp%2Fv2%2Fcomments&post=903"}],"wp:featuredmedia":[{"embeddable":true,"href":"https:\/\/meganautica.com.br\/index.php?rest_route=\/wp\/v2\/media\/906"}],"wp:attachment":[{"href":"https:\/\/meganautica.com.br\/index.php?rest_route=%2Fwp%2Fv2%2Fmedia&parent=903"}],"wp:term":[{"taxonomy":"product_cat","embeddable":true,"href":"https:\/\/meganautica.com.br\/index.php?rest_route=%2Fwp%2Fv2%2Fproduct_cat&post=903"},{"taxonomy":"product_tag","embeddable":true,"href":"https:\/\/meganautica.com.br\/index.php?rest_route=%2Fwp%2Fv2%2Fproduct_tag&post=903"}],"curies":[{"name":"wp","href":"https:\/\/api.w.org\/{rel}","templated":true}]}}