{"id":907,"date":"2024-04-01T19:23:09","date_gmt":"2024-04-01T22:23:09","guid":{"rendered":"https:\/\/meganautica.com.br\/?post_type=product&#038;p=907"},"modified":"2024-04-11T11:01:20","modified_gmt":"2024-04-11T14:01:20","slug":"motor-yamaha-vmax-150hp-4t","status":"publish","type":"product","link":"https:\/\/meganautica.com.br\/?product=motor-yamaha-vmax-150hp-4t","title":{"rendered":"Motor Yamaha VMAX 150HP &#8211; 4T"},"content":{"rendered":"","protected":false},"excerpt":{"rendered":"<p>TOMADA DE AT\u00c9 13% MAIS R\u00c1PIDA<\/p>\n<p>A linha\u00a0<strong>V6 VMAX SHO\u00ae<\/strong>\u00a0mudou o jogo, com a economia de combust\u00edvel dos modelos 4 tempos\u00a0<strong>com tomada de at\u00e9 13% mais r\u00e1pida<\/strong>\u00a0comparado aos modelos 2 tempos. Agora que os pescadores conhecem o melhor dos dois mundos em um \u00fanico motor de popa, nada menos que o desempenho do VMAX SHO ser\u00e1 aceito.<\/p>\n<p>ECM &#8211; M\u00d3DULO DE CONTROLE DO MOTOR<\/p>\n<p>O modelo VMAX 150HP \u00e9 equipado com o ECM &#8211; M\u00d3DULO DE CONTROLE DO MOTOR, sistema da Yamaha que monitora constantemente as condi\u00e7\u00f5es do motor, ajustando o tempo de igni\u00e7\u00e3o e a mistura de combust\u00edvel\/ar, para proporcionar uma combust\u00e3o \u00f3tima para uma navega\u00e7\u00e3o segura e desempenho m\u00e1ximo, efici\u00eancia de combust\u00edvel e excelente escape. Ele tamb\u00e9m evita o superaquecimento e o excesso de rota\u00e7\u00e3o, e controla o sistema de seguran\u00e7a, como baixa press\u00e3o de \u00f3leo e baixo n\u00edvel de \u00f3leo.<\/p>\n<p>MENOR PESO<\/p>\n<p>\u00danico corpo de acelera\u00e7\u00e3o &#8211; 4 tempos. Menor peso e pe\u00e7as m\u00f3veis oferecendo melhor ajuste e menos manuten\u00e7\u00e3o.<\/p>\n","protected":false},"featured_media":908,"comment_status":"open","ping_status":"closed","template":"","meta":[],"product_cat":[33],"product_tag":[],"_links":{"self":[{"href":"https:\/\/meganautica.com.br\/index.php?rest_route=\/wp\/v2\/product\/907"}],"collection":[{"href":"https:\/\/meganautica.com.br\/index.php?rest_route=\/wp\/v2\/product"}],"about":[{"href":"https:\/\/meganautica.com.br\/index.php?rest_route=\/wp\/v2\/types\/product"}],"replies":[{"embeddable":true,"href":"https:\/\/meganautica.com.br\/index.php?rest_route=%2Fwp%2Fv2%2Fcomments&post=907"}],"wp:featuredmedia":[{"embeddable":true,"href":"https:\/\/meganautica.com.br\/index.php?rest_route=\/wp\/v2\/media\/908"}],"wp:attachment":[{"href":"https:\/\/meganautica.com.br\/index.php?rest_route=%2Fwp%2Fv2%2Fmedia&parent=907"}],"wp:term":[{"taxonomy":"product_cat","embeddable":true,"href":"https:\/\/meganautica.com.br\/index.php?rest_route=%2Fwp%2Fv2%2Fproduct_cat&post=907"},{"taxonomy":"product_tag","embeddable":true,"href":"https:\/\/meganautica.com.br\/index.php?rest_route=%2Fwp%2Fv2%2Fproduct_tag&post=907"}],"curies":[{"name":"wp","href":"https:\/\/api.w.org\/{rel}","templated":true}]}}