{"id":917,"date":"2024-04-01T19:34:04","date_gmt":"2024-04-01T22:34:04","guid":{"rendered":"https:\/\/meganautica.com.br\/?post_type=product&#038;p=917"},"modified":"2026-03-31T02:43:46","modified_gmt":"2026-03-31T05:43:46","slug":"motor-yamaha-vmax-250hp-4t","status":"publish","type":"product","link":"https:\/\/meganautica.com.br\/?product=motor-yamaha-vmax-250hp-4t","title":{"rendered":"Motor Yamaha VMAX 250HP &#8211; 4T"},"content":{"rendered":"","protected":false},"excerpt":{"rendered":"<p>TOMADA DE AT\u00c9 13% MAIS R\u00c1PIDA<\/p>\n<p>A linha\u00a0<strong>V6 VMax SHO\u00ae<\/strong>\u00a0mudou o jogo com a economia de combust\u00edvel dos modelos 4 tempos\u00a0<strong>com tomada de at\u00e9 13% mais r\u00e1pida<\/strong>\u00a0comparado aos modelos 2 tempos. Agora que os pescadores conhecem o melhor dos dois mundos em um \u00fanico motor de popa, nada menos que o desempenho do VMAX SHO ser\u00e1 aceito.<\/p>\n<p>MAIOR EFICI\u00caNCIA DE ADMISS\u00c3O<\/p>\n<p>O VMax 250 possui eixo de comando com tempo variado, o VCT, o qual acelera ou retarda o tempo do eixo de comando de acordo com o rpm do motor, o sistema de v\u00e1lvula de acelera\u00e7\u00e3o \u00fanica controlada eletronicamente e um longo coletor de admiss\u00e3o sincronizado por pulso aumenta a efici\u00eancia de admiss\u00e3o, assim melhorando baixo e m\u00e9dio torque para acelera\u00e7\u00e3o melhorada.<\/p>\n<p>PESO-POT\u00caNCIA L\u00cdDER NA CATEGORIA<\/p>\n<p>O V6 VMax 250 SHO\u00ae tem a combina\u00e7\u00e3o da perfeita entre arrancada e a efici\u00eancia do motor 4 tempos, com ele sua pescaria esportiva nunca mais ser\u00e1 a mesma.<br \/>\nMais r\u00e1pido, tem o peso-pot\u00eancia l\u00edder na categoria, tecnologia integrada que te deixa no controle. O V6 VMax 250 SHO\u00ae oferece a pot\u00eancia, desempenho e confiabilidade que os navegadores exigem.<\/p>\n","protected":false},"featured_media":920,"comment_status":"open","ping_status":"closed","template":"","meta":[],"product_cat":[33],"product_tag":[],"_links":{"self":[{"href":"https:\/\/meganautica.com.br\/index.php?rest_route=\/wp\/v2\/product\/917"}],"collection":[{"href":"https:\/\/meganautica.com.br\/index.php?rest_route=\/wp\/v2\/product"}],"about":[{"href":"https:\/\/meganautica.com.br\/index.php?rest_route=\/wp\/v2\/types\/product"}],"replies":[{"embeddable":true,"href":"https:\/\/meganautica.com.br\/index.php?rest_route=%2Fwp%2Fv2%2Fcomments&post=917"}],"wp:featuredmedia":[{"embeddable":true,"href":"https:\/\/meganautica.com.br\/index.php?rest_route=\/wp\/v2\/media\/920"}],"wp:attachment":[{"href":"https:\/\/meganautica.com.br\/index.php?rest_route=%2Fwp%2Fv2%2Fmedia&parent=917"}],"wp:term":[{"taxonomy":"product_cat","embeddable":true,"href":"https:\/\/meganautica.com.br\/index.php?rest_route=%2Fwp%2Fv2%2Fproduct_cat&post=917"},{"taxonomy":"product_tag","embeddable":true,"href":"https:\/\/meganautica.com.br\/index.php?rest_route=%2Fwp%2Fv2%2Fproduct_tag&post=917"}],"curies":[{"name":"wp","href":"https:\/\/api.w.org\/{rel}","templated":true}]}}